{"id":1181,"date":"2021-06-16T16:43:08","date_gmt":"2021-06-16T14:43:08","guid":{"rendered":"https:\/\/metalizz.marquedigitale.ovh\/?page_id=1181"},"modified":"2024-10-06T17:40:42","modified_gmt":"2024-10-06T15:40:42","slug":"solutions-metallisation","status":"publish","type":"page","link":"https:\/\/metalizz.com\/en\/solutions-metallisation\/","title":{"rendered":"Solutions"},"content":{"rendered":"<div data-elementor-type=\"wp-page\" data-elementor-id=\"1181\" class=\"elementor elementor-1181\" data-elementor-post-type=\"page\">\n\t\t\t\t\t\t<section data-dce-background-color=\"#000000\" class=\"elementor-section elementor-top-section elementor-element elementor-element-3abfd26 elementor-section-boxed elementor-section-height-default elementor-section-height-default\" data-id=\"3abfd26\" data-element_type=\"section\" data-e-type=\"section\" data-settings=\"{&quot;background_background&quot;:&quot;gradient&quot;}\">\n\t\t\t\t\t\t<div class=\"elementor-container elementor-column-gap-default\">\n\t\t\t\t\t<div class=\"elementor-column elementor-col-50 elementor-top-column elementor-element elementor-element-306a5271\" data-id=\"306a5271\" data-element_type=\"column\" data-e-type=\"column\">\n\t\t\t<div class=\"elementor-widget-wrap elementor-element-populated\">\n\t\t\t\t\t\t<div data-dce-title-color=\"#FFFFFF\" class=\"elementor-element elementor-element-a8a48f2 elementor-widget elementor-widget-heading\" data-id=\"a8a48f2\" data-element_type=\"widget\" data-e-type=\"widget\" data-widget_type=\"heading.default\">\n\t\t\t\t<div class=\"elementor-widget-container\">\n\t\t\t\t\t<h1 class=\"elementor-heading-title elementor-size-default\">Automated solutions<\/h1>\t\t\t\t<\/div>\n\t\t\t\t<\/div>\n\t\t\t\t<div class=\"elementor-element elementor-element-5b910fd5 elementor-widget elementor-widget-text-editor\" data-id=\"5b910fd5\" data-element_type=\"widget\" data-e-type=\"widget\" data-widget_type=\"text-editor.default\">\n\t\t\t\t<div class=\"elementor-widget-container\">\n\t\t\t\t\t\t\t\t\t<p>Designed to convert raw plastic parts into ready-to-use products, <span style=\"color: #1a9bdb;\"><strong>our post-processing solutions start where the additive manufacturing process stops<\/strong>.<\/span><\/p>\n<p>Depending on the desired finish and your production process, choose the equipment which suits you from our automated and eco-friendly post-processing machines.<\/p>\t\t\t\t\t\t\t\t<\/div>\n\t\t\t\t<\/div>\n\t\t\t\t<div class=\"elementor-element elementor-element-57c9e6d elementor-align-left elementor-widget elementor-widget-button\" data-id=\"57c9e6d\" data-element_type=\"widget\" data-e-type=\"widget\" data-widget_type=\"button.default\">\n\t\t\t\t<div class=\"elementor-widget-container\">\n\t\t\t\t\t\t\t\t\t<div class=\"elementor-button-wrapper\">\n\t\t\t\t\t<a class=\"elementor-button elementor-button-link elementor-size-sm\" href=\"#scroll\">\n\t\t\t\t\t\t<span class=\"elementor-button-content-wrapper\">\n\t\t\t\t\t\t\t\t\t<span class=\"elementor-button-text\">Discover<\/span>\n\t\t\t\t\t<\/span>\n\t\t\t\t\t<\/a>\n\t\t\t\t<\/div>\n\t\t\t\t\t\t\t\t<\/div>\n\t\t\t\t<\/div>\n\t\t\t\t\t<\/div>\n\t\t<\/div>\n\t\t\t\t<div class=\"elementor-column elementor-col-50 elementor-top-column elementor-element elementor-element-aeb5562\" data-id=\"aeb5562\" data-element_type=\"column\" data-e-type=\"column\">\n\t\t\t<div class=\"elementor-widget-wrap elementor-element-populated\">\n\t\t\t\t\t\t<div class=\"elementor-element elementor-element-226a28d elementor-widget elementor-widget-counter\" data-id=\"226a28d\" data-element_type=\"widget\" data-e-type=\"widget\" data-widget_type=\"counter.default\">\n\t\t\t\t<div class=\"elementor-widget-container\">\n\t\t\t\t\t\t\t<div class=\"elementor-counter\">\n\t\t\t<div class=\"elementor-counter-title\">for post-processing<\/div>\t\t\t<div class=\"elementor-counter-number-wrapper\">\n\t\t\t\t<span class=\"elementor-counter-number-prefix\"><\/span>\n\t\t\t\t<span class=\"elementor-counter-number\" data-duration=\"2000\" data-to-value=\"4\" data-from-value=\"0\" data-delimiter=\",\">0<\/span>\n\t\t\t\t<span class=\"elementor-counter-number-suffix\"> machines<\/span>\n\t\t\t<\/div>\n\t\t<\/div>\n\t\t\t\t\t\t<\/div>\n\t\t\t\t<\/div>\n\t\t\t\t<div class=\"elementor-element elementor-element-d078146 elementor-widget elementor-widget-counter\" data-id=\"d078146\" data-element_type=\"widget\" data-e-type=\"widget\" data-widget_type=\"counter.default\">\n\t\t\t\t<div class=\"elementor-widget-container\">\n\t\t\t\t\t\t\t<div class=\"elementor-counter\">\n\t\t\t<div class=\"elementor-counter-title\">Processes<\/div>\t\t\t<div class=\"elementor-counter-number-wrapper\">\n\t\t\t\t<span class=\"elementor-counter-number-prefix\"><\/span>\n\t\t\t\t<span class=\"elementor-counter-number\" data-duration=\"2000\" data-to-value=\"8\" data-from-value=\"0\" data-delimiter=\",\">0<\/span>\n\t\t\t\t<span class=\"elementor-counter-number-suffix\"> Finishing<\/span>\n\t\t\t<\/div>\n\t\t<\/div>\n\t\t\t\t\t\t<\/div>\n\t\t\t\t<\/div>\n\t\t\t\t<div class=\"elementor-element elementor-element-9ec92d9 elementor-widget elementor-widget-counter\" data-id=\"9ec92d9\" data-element_type=\"widget\" data-e-type=\"widget\" data-widget_type=\"counter.default\">\n\t\t\t\t<div class=\"elementor-widget-container\">\n\t\t\t\t\t\t\t<div class=\"elementor-counter\">\n\t\t\t<div class=\"elementor-counter-title\">AVERAGE CYCLE TIME<\/div>\t\t\t<div class=\"elementor-counter-number-wrapper\">\n\t\t\t\t<span class=\"elementor-counter-number-prefix\"><\/span>\n\t\t\t\t<span class=\"elementor-counter-number\" data-duration=\"2000\" data-to-value=\"10\" data-from-value=\"0\" data-delimiter=\",\">0<\/span>\n\t\t\t\t<span class=\"elementor-counter-number-suffix\"> Minutes<\/span>\n\t\t\t<\/div>\n\t\t<\/div>\n\t\t\t\t\t\t<\/div>\n\t\t\t\t<\/div>\n\t\t\t\t\t<\/div>\n\t\t<\/div>\n\t\t\t\t\t<\/div>\n\t\t<\/section>\n\t\t\t\t<section class=\"elementor-section elementor-top-section elementor-element elementor-element-9b27606 elementor-section-full_width elementor-section-height-default elementor-section-height-default\" data-id=\"9b27606\" data-element_type=\"section\" data-e-type=\"section\" id=\"scroll\">\n\t\t\t\t\t\t<div class=\"elementor-container elementor-column-gap-default\">\n\t\t\t\t\t<div class=\"elementor-column elementor-col-100 elementor-top-column elementor-element elementor-element-9fa3ca4\" data-id=\"9fa3ca4\" data-element_type=\"column\" data-e-type=\"column\">\n\t\t\t<div class=\"elementor-widget-wrap elementor-element-populated\">\n\t\t\t\t\t\t<div class=\"elementor-element elementor-element-f64a848 elementor--h-position-center elementor--v-position-middle elementor-arrows-position-inside elementor-pagination-position-inside elementor-widget elementor-widget-slides\" data-id=\"f64a848\" data-element_type=\"widget\" data-e-type=\"widget\" data-settings=\"{&quot;transition_speed&quot;:300,&quot;navigation&quot;:&quot;both&quot;,&quot;autoplay&quot;:&quot;yes&quot;,&quot;pause_on_hover&quot;:&quot;yes&quot;,&quot;pause_on_interaction&quot;:&quot;yes&quot;,&quot;autoplay_speed&quot;:5000,&quot;infinite&quot;:&quot;yes&quot;,&quot;transition&quot;:&quot;slide&quot;}\" data-widget_type=\"slides.default\">\n\t\t\t\t<div class=\"elementor-widget-container\">\n\t\t\t\t\t\t\t\t\t<div class=\"elementor-swiper\">\n\t\t\t\t\t<div class=\"elementor-slides-wrapper elementor-main-swiper swiper\" role=\"region\" aria-roledescription=\"carousel\" aria-label=\"Diapositives\" dir=\"ltr\" data-animation=\"fadeInUp\">\n\t\t\t\t<div class=\"swiper-wrapper elementor-slides\">\n\t\t\t\t\t\t\t\t\t\t<div class=\"elementor-repeater-item-0087b10 swiper-slide\" role=\"group\" aria-roledescription=\"slide\"><div class=\"swiper-slide-bg elementor-ken-burns elementor-ken-burns--in\" role=\"img\" aria-label=\"Bandeau-Smoothit-carrousel\"><\/div><a class=\"swiper-slide-inner\" href=\"https:\/\/metalizz.com\/en\/solutions\/smoothit\/\"><div class=\"swiper-slide-contents\"><div class=\"elementor-slide-heading\">Smoothit<\/div><div class=\"elementor-slide-description\">Automated surface smoothing for 3D printed parts<\/div><div  class=\"elementor-button elementor-slide-button elementor-size-sm\">Discover<\/div><\/div><\/a><\/div><div class=\"elementor-repeater-item-65ed20a swiper-slide\" role=\"group\" aria-roledescription=\"slide\"><div class=\"swiper-slide-bg elementor-ken-burns elementor-ken-burns--in\" role=\"img\" aria-label=\"Bandeau-Uscleaner-carrousel\"><\/div><a class=\"swiper-slide-inner\" href=\"https:\/\/metalizz.com\/en\/solutions\/uscleaner\/\"><div class=\"swiper-slide-contents\"><div class=\"elementor-slide-heading\">Uscleaner<\/div><div class=\"elementor-slide-description\">Cleaning and surface decontamination<\/div><div  class=\"elementor-button elementor-slide-button elementor-size-sm\">Discover<\/div><\/div><\/a><\/div><div class=\"elementor-repeater-item-50f2bd4 swiper-slide\" role=\"group\" aria-roledescription=\"slide\"><div class=\"swiper-slide-bg elementor-ken-burns elementor-ken-burns--in\" role=\"img\" aria-label=\"Bandeau-Metalfogr-carrousel\"><\/div><a class=\"swiper-slide-inner\" href=\"https:\/\/metalizz.com\/en\/solutions\/metalfog\/\"><div class=\"swiper-slide-contents\"><div class=\"elementor-slide-heading\">Metalfog<\/div><div class=\"elementor-slide-description\">Chemical metallization of non-conducting surfaces<\/div><div  class=\"elementor-button elementor-slide-button elementor-size-sm\">Discover<\/div><\/div><\/a><\/div>\t\t\t\t<\/div>\n\t\t\t\t\t\t\t\t\t\t\t\t\t\t\t<div class=\"elementor-swiper-button elementor-swiper-button-prev\" role=\"button\" tabindex=\"0\" aria-label=\"Diapositive pr\u00e9c\u00e9dente\">\n\t\t\t\t\t\t\t<i aria-hidden=\"true\" class=\"eicon-chevron-left\"><\/i>\t\t\t\t\t\t<\/div>\n\t\t\t\t\t\t<div class=\"elementor-swiper-button elementor-swiper-button-next\" role=\"button\" tabindex=\"0\" aria-label=\"Diapositive suivante\">\n\t\t\t\t\t\t\t<i aria-hidden=\"true\" class=\"eicon-chevron-right\"><\/i>\t\t\t\t\t\t<\/div>\n\t\t\t\t\t\t\t\t\t\t\t\t\t\t\t\t<div class=\"swiper-pagination\"><\/div>\n\t\t\t\t\t\t\t\t\t\t\t\t<\/div>\n\t\t\t\t<\/div>\n\t\t\t\t\t\t\t\t<\/div>\n\t\t\t\t<\/div>\n\t\t\t\t\t<\/div>\n\t\t<\/div>\n\t\t\t\t\t<\/div>\n\t\t<\/section>\n\t\t\t\t<section class=\"elementor-section elementor-top-section elementor-element elementor-element-6603527 elementor-section-full_width elementor-section-height-default elementor-section-height-default\" data-id=\"6603527\" data-element_type=\"section\" data-e-type=\"section\" data-settings=\"{&quot;background_background&quot;:&quot;classic&quot;}\">\n\t\t\t\t\t\t<div class=\"elementor-container elementor-column-gap-default\">\n\t\t\t\t\t<div class=\"elementor-column elementor-col-100 elementor-top-column elementor-element elementor-element-8d5afd7\" data-id=\"8d5afd7\" data-element_type=\"column\" data-e-type=\"column\">\n\t\t\t<div class=\"elementor-widget-wrap elementor-element-populated\">\n\t\t\t\t\t\t<div class=\"elementor-element elementor-element-df8d2a6 elementor-widget elementor-widget-heading\" data-id=\"df8d2a6\" data-element_type=\"widget\" data-e-type=\"widget\" data-widget_type=\"heading.default\">\n\t\t\t\t<div class=\"elementor-widget-container\">\n\t\t\t\t\t<h2 class=\"elementor-heading-title elementor-size-default\">DISCOVER OUR PROCESSES<\/h2>\t\t\t\t<\/div>\n\t\t\t\t<\/div>\n\t\t\t\t<div class=\"elementor-element elementor-element-ed89297 elementor-widget-divider--view-line elementor-widget elementor-widget-divider\" data-id=\"ed89297\" data-element_type=\"widget\" data-e-type=\"widget\" data-widget_type=\"divider.default\">\n\t\t\t\t<div class=\"elementor-widget-container\">\n\t\t\t\t\t\t\t<div class=\"elementor-divider\">\n\t\t\t<span class=\"elementor-divider-separator\">\n\t\t\t\t\t\t<\/span>\n\t\t<\/div>\n\t\t\t\t\t\t<\/div>\n\t\t\t\t<\/div>\n\t\t\t\t<div class=\"elementor-element elementor-element-95dfd34 elementor-widget__width-initial elementor-widget-mobile__width-inherit dce_masking-none elementor-widget elementor-widget-image\" data-id=\"95dfd34\" data-element_type=\"widget\" data-e-type=\"widget\" data-widget_type=\"image.default\">\n\t\t\t\t<div class=\"elementor-widget-container\">\n\t\t\t\t\t\t\t\t\t\t\t\t\t\t\t\t<a href=\"https:\/\/metalizz.com\/en\/procedes-metalizz\/mim-lissage\/\">\n\t\t\t\t\t\t\t<img fetchpriority=\"high\" decoding=\"async\" width=\"863\" height=\"517\" src=\"https:\/\/metalizz.com\/wp-content\/uploads\/2021\/11\/pastille-mim-smoothing.png\" class=\"attachment-full size-full wp-image-2373\" alt=\"mim lissage solution metalizz\" srcset=\"https:\/\/metalizz.com\/wp-content\/uploads\/2021\/11\/pastille-mim-smoothing.png 863w, https:\/\/metalizz.com\/wp-content\/uploads\/2021\/11\/pastille-mim-smoothing-300x180.png 300w, https:\/\/metalizz.com\/wp-content\/uploads\/2021\/11\/pastille-mim-smoothing-768x460.png 768w, https:\/\/metalizz.com\/wp-content\/uploads\/2021\/11\/pastille-mim-smoothing-18x12.png 18w\" sizes=\"(max-width: 863px) 100vw, 863px\" \/>\t\t\t\t\t\t\t\t<\/a>\n\t\t\t\t\t\t\t\t\t\t\t\t\t\t\t<\/div>\n\t\t\t\t<\/div>\n\t\t\t\t<div class=\"elementor-element elementor-element-9bec2dc elementor-widget__width-initial elementor-widget-mobile__width-inherit dce_masking-none elementor-widget elementor-widget-image\" data-id=\"9bec2dc\" data-element_type=\"widget\" data-e-type=\"widget\" data-widget_type=\"image.default\">\n\t\t\t\t<div class=\"elementor-widget-container\">\n\t\t\t\t\t\t\t\t\t\t\t\t\t\t\t\t<a href=\"https:\/\/metalizz.com\/en\/procedes-metalizz\/cleaner\/\">\n\t\t\t\t\t\t\t<img decoding=\"async\" width=\"863\" height=\"517\" src=\"https:\/\/metalizz.com\/wp-content\/uploads\/2021\/09\/PAstille-cleaner.png\" class=\"attachment-full size-full wp-image-3142\" alt=\"PAstille-cleaner\" srcset=\"https:\/\/metalizz.com\/wp-content\/uploads\/2021\/09\/PAstille-cleaner.png 863w, https:\/\/metalizz.com\/wp-content\/uploads\/2021\/09\/PAstille-cleaner-300x180.png 300w, https:\/\/metalizz.com\/wp-content\/uploads\/2021\/09\/PAstille-cleaner-768x460.png 768w\" sizes=\"(max-width: 863px) 100vw, 863px\" \/>\t\t\t\t\t\t\t\t<\/a>\n\t\t\t\t\t\t\t\t\t\t\t\t\t\t\t<\/div>\n\t\t\t\t<\/div>\n\t\t\t\t<div class=\"elementor-element elementor-element-bdc7336 elementor-widget__width-initial elementor-widget-mobile__width-inherit dce_masking-none elementor-widget elementor-widget-image\" data-id=\"bdc7336\" data-element_type=\"widget\" data-e-type=\"widget\" data-widget_type=\"image.default\">\n\t\t\t\t<div class=\"elementor-widget-container\">\n\t\t\t\t\t\t\t\t\t\t\t\t\t\t\t\t<a href=\"https:\/\/metalizz.com\/en\/procedes-metalizz\/utility-silver-layer\/\">\n\t\t\t\t\t\t\t<img decoding=\"async\" width=\"400\" height=\"240\" src=\"https:\/\/metalizz.com\/wp-content\/uploads\/2021\/08\/Pastille-Utility-Silver-Layer.png\" class=\"attachment-full size-full wp-image-2563\" alt=\"Pastille-Utility-Silver-Layer\" srcset=\"https:\/\/metalizz.com\/wp-content\/uploads\/2021\/08\/Pastille-Utility-Silver-Layer.png 400w, https:\/\/metalizz.com\/wp-content\/uploads\/2021\/08\/Pastille-Utility-Silver-Layer-300x180.png 300w\" sizes=\"(max-width: 400px) 100vw, 400px\" \/>\t\t\t\t\t\t\t\t<\/a>\n\t\t\t\t\t\t\t\t\t\t\t\t\t\t\t<\/div>\n\t\t\t\t<\/div>\n\t\t\t\t<div class=\"elementor-element elementor-element-042bec4 elementor-widget__width-initial elementor-widget-mobile__width-inherit dce_masking-none elementor-widget elementor-widget-image\" data-id=\"042bec4\" data-element_type=\"widget\" data-e-type=\"widget\" data-widget_type=\"image.default\">\n\t\t\t\t<div class=\"elementor-widget-container\">\n\t\t\t\t\t\t\t\t\t\t\t\t\t\t\t\t<a href=\"https:\/\/metalizz.com\/en\/procedes-metalizz\/look-like-chromium\/\">\n\t\t\t\t\t\t\t<img loading=\"lazy\" decoding=\"async\" width=\"400\" height=\"240\" src=\"https:\/\/metalizz.com\/wp-content\/uploads\/2021\/08\/Look-like-chromium-PAstille-2.png\" class=\"attachment-full size-full wp-image-2573\" alt=\"Look-like-chromium-PAstille-2\" srcset=\"https:\/\/metalizz.com\/wp-content\/uploads\/2021\/08\/Look-like-chromium-PAstille-2.png 400w, https:\/\/metalizz.com\/wp-content\/uploads\/2021\/08\/Look-like-chromium-PAstille-2-300x180.png 300w\" sizes=\"(max-width: 400px) 100vw, 400px\" \/>\t\t\t\t\t\t\t\t<\/a>\n\t\t\t\t\t\t\t\t\t\t\t\t\t\t\t<\/div>\n\t\t\t\t<\/div>\n\t\t\t\t<div class=\"elementor-element elementor-element-84b6a07 elementor-widget__width-initial elementor-widget-mobile__width-inherit dce_masking-none elementor-widget elementor-widget-image\" data-id=\"84b6a07\" data-element_type=\"widget\" data-e-type=\"widget\" data-widget_type=\"image.default\">\n\t\t\t\t<div class=\"elementor-widget-container\">\n\t\t\t\t\t\t\t\t\t\t\t\t\t\t\t\t<a href=\"https:\/\/metalizz.com\/en\/procedes-metalizz\/blindage-cem\/\">\n\t\t\t\t\t\t\t<img loading=\"lazy\" decoding=\"async\" width=\"863\" height=\"517\" src=\"https:\/\/metalizz.com\/wp-content\/uploads\/2021\/09\/Pastille-Fara-D-Layer.png\" class=\"attachment-full size-full wp-image-3146\" alt=\"Pastille-Fara-D-Layer\" srcset=\"https:\/\/metalizz.com\/wp-content\/uploads\/2021\/09\/Pastille-Fara-D-Layer.png 863w, https:\/\/metalizz.com\/wp-content\/uploads\/2021\/09\/Pastille-Fara-D-Layer-300x180.png 300w, https:\/\/metalizz.com\/wp-content\/uploads\/2021\/09\/Pastille-Fara-D-Layer-768x460.png 768w\" sizes=\"(max-width: 863px) 100vw, 863px\" \/>\t\t\t\t\t\t\t\t<\/a>\n\t\t\t\t\t\t\t\t\t\t\t\t\t\t\t<\/div>\n\t\t\t\t<\/div>\n\t\t\t\t\t<\/div>\n\t\t<\/div>\n\t\t\t\t\t<\/div>\n\t\t<\/section>\n\t\t\t\t<\/div>","protected":false},"excerpt":{"rendered":"<p>Solutions automatis\u00e9es Con\u00e7ues pour transformer vos pi\u00e8ces plastiques brutes en produits pr\u00eats \u00e0 l\u2019emploi, nos solutions de post-traitement commencent l\u00e0 o\u00f9 s\u2019arr\u00eate le processus de fabrication additive. Selon la finition souhait\u00e9e et votre proc\u00e9d\u00e9 de production, choisissez l\u2019\u00e9quipement adapt\u00e9 parmi nos machines de post-traitement automatis\u00e9es et \u00e9co-friendly. D\u00e9couvrir de post traitement 0 machines de finition [&hellip;]<\/p>\n","protected":false},"author":1,"featured_media":0,"parent":0,"menu_order":0,"comment_status":"closed","ping_status":"open","template":"elementor_header_footer","meta":{"footnotes":""},"categories":[],"tags":[],"class_list":["post-1181","page","type-page","status-publish","hentry"],"yoast_head":"<!-- This site is optimized with the Yoast SEO plugin v27.4 - https:\/\/yoast.com\/product\/yoast-seo-wordpress\/ -->\n<title>Solutions - Metalizz | Solutions traitement pi\u00e8ces plastiques<\/title>\n<meta name=\"description\" content=\"Les solutions Metalizz - Des solutions innovantes pour les industries utilisant la fabrication additive. Pi\u00e8ces plastiques et 3D\" \/>\n<meta name=\"robots\" content=\"index, follow, max-snippet:-1, max-image-preview:large, max-video-preview:-1\" \/>\n<link rel=\"canonical\" href=\"https:\/\/metalizz.com\/en\/solutions-metallisation\/\" \/>\n<meta property=\"og:locale\" content=\"en_GB\" \/>\n<meta property=\"og:type\" content=\"article\" \/>\n<meta property=\"og:title\" content=\"Solutions - Metalizz | Solutions traitement pi\u00e8ces plastiques\" \/>\n<meta property=\"og:description\" content=\"Les solutions Metalizz - Des solutions innovantes pour les industries utilisant la fabrication additive. Pi\u00e8ces plastiques et 3D\" \/>\n<meta property=\"og:url\" content=\"https:\/\/metalizz.com\/en\/solutions-metallisation\/\" \/>\n<meta property=\"og:site_name\" content=\"Metalizz | Solutions traitement pi\u00e8ces plastiques\" \/>\n<meta property=\"article:modified_time\" content=\"2024-10-06T15:40:42+00:00\" \/>\n<meta property=\"og:image\" content=\"https:\/\/metalizz.com\/wp-content\/uploads\/2021\/08\/MIM-2.png\" \/>\n<meta name=\"twitter:card\" content=\"summary_large_image\" \/>\n<meta name=\"twitter:label1\" content=\"Est. reading time\" \/>\n\t<meta name=\"twitter:data1\" content=\"2 minutes\" \/>\n<script type=\"application\/ld+json\" class=\"yoast-schema-graph\">{\"@context\":\"https:\\\/\\\/schema.org\",\"@graph\":[{\"@type\":\"WebPage\",\"@id\":\"https:\\\/\\\/metalizz.com\\\/solutions-metallisation\\\/\",\"url\":\"https:\\\/\\\/metalizz.com\\\/solutions-metallisation\\\/\",\"name\":\"Solutions - Metalizz | Solutions traitement pi\u00e8ces plastiques\",\"isPartOf\":{\"@id\":\"https:\\\/\\\/metalizz.com\\\/#website\"},\"primaryImageOfPage\":{\"@id\":\"https:\\\/\\\/metalizz.com\\\/solutions-metallisation\\\/#primaryimage\"},\"image\":{\"@id\":\"https:\\\/\\\/metalizz.com\\\/solutions-metallisation\\\/#primaryimage\"},\"thumbnailUrl\":\"https:\\\/\\\/metalizz.com\\\/wp-content\\\/uploads\\\/2021\\\/08\\\/MIM-2.png\",\"datePublished\":\"2021-06-16T14:43:08+00:00\",\"dateModified\":\"2024-10-06T15:40:42+00:00\",\"description\":\"Les solutions Metalizz - Des solutions innovantes pour les industries utilisant la fabrication additive. Pi\u00e8ces plastiques et 3D\",\"breadcrumb\":{\"@id\":\"https:\\\/\\\/metalizz.com\\\/solutions-metallisation\\\/#breadcrumb\"},\"inLanguage\":\"en-GB\",\"potentialAction\":[{\"@type\":\"ReadAction\",\"target\":[\"https:\\\/\\\/metalizz.com\\\/solutions-metallisation\\\/\"]}]},{\"@type\":\"ImageObject\",\"inLanguage\":\"en-GB\",\"@id\":\"https:\\\/\\\/metalizz.com\\\/solutions-metallisation\\\/#primaryimage\",\"url\":\"https:\\\/\\\/metalizz.com\\\/wp-content\\\/uploads\\\/2021\\\/08\\\/MIM-2.png\",\"contentUrl\":\"https:\\\/\\\/metalizz.com\\\/wp-content\\\/uploads\\\/2021\\\/08\\\/MIM-2.png\"},{\"@type\":\"BreadcrumbList\",\"@id\":\"https:\\\/\\\/metalizz.com\\\/solutions-metallisation\\\/#breadcrumb\",\"itemListElement\":[{\"@type\":\"ListItem\",\"position\":1,\"name\":\"Accueil\",\"item\":\"https:\\\/\\\/metalizz.com\\\/\"},{\"@type\":\"ListItem\",\"position\":2,\"name\":\"Solutions\"}]},{\"@type\":\"WebSite\",\"@id\":\"https:\\\/\\\/metalizz.com\\\/#website\",\"url\":\"https:\\\/\\\/metalizz.com\\\/\",\"name\":\"Metalizz | Solutions traitement pi\u00e8ces plastiques\",\"description\":\"\",\"potentialAction\":[{\"@type\":\"SearchAction\",\"target\":{\"@type\":\"EntryPoint\",\"urlTemplate\":\"https:\\\/\\\/metalizz.com\\\/?s={search_term_string}\"},\"query-input\":{\"@type\":\"PropertyValueSpecification\",\"valueRequired\":true,\"valueName\":\"search_term_string\"}}],\"inLanguage\":\"en-GB\"}]}<\/script>\n<!-- \/ Yoast SEO plugin. -->","yoast_head_json":{"title":"Solutions - Metalizz | Solutions traitement pi\u00e8ces plastiques","description":"Les solutions Metalizz - Des solutions innovantes pour les industries utilisant la fabrication additive. Pi\u00e8ces plastiques et 3D","robots":{"index":"index","follow":"follow","max-snippet":"max-snippet:-1","max-image-preview":"max-image-preview:large","max-video-preview":"max-video-preview:-1"},"canonical":"https:\/\/metalizz.com\/en\/solutions-metallisation\/","og_locale":"en_GB","og_type":"article","og_title":"Solutions - Metalizz | Solutions traitement pi\u00e8ces plastiques","og_description":"Les solutions Metalizz - Des solutions innovantes pour les industries utilisant la fabrication additive. Pi\u00e8ces plastiques et 3D","og_url":"https:\/\/metalizz.com\/en\/solutions-metallisation\/","og_site_name":"Metalizz | Solutions traitement pi\u00e8ces plastiques","article_modified_time":"2024-10-06T15:40:42+00:00","og_image":[{"url":"https:\/\/metalizz.com\/wp-content\/uploads\/2021\/08\/MIM-2.png","type":"","width":"","height":""}],"twitter_card":"summary_large_image","twitter_misc":{"Est. reading time":"2 minutes"},"schema":{"@context":"https:\/\/schema.org","@graph":[{"@type":"WebPage","@id":"https:\/\/metalizz.com\/solutions-metallisation\/","url":"https:\/\/metalizz.com\/solutions-metallisation\/","name":"Solutions - Metalizz | Solutions traitement pi\u00e8ces plastiques","isPartOf":{"@id":"https:\/\/metalizz.com\/#website"},"primaryImageOfPage":{"@id":"https:\/\/metalizz.com\/solutions-metallisation\/#primaryimage"},"image":{"@id":"https:\/\/metalizz.com\/solutions-metallisation\/#primaryimage"},"thumbnailUrl":"https:\/\/metalizz.com\/wp-content\/uploads\/2021\/08\/MIM-2.png","datePublished":"2021-06-16T14:43:08+00:00","dateModified":"2024-10-06T15:40:42+00:00","description":"Les solutions Metalizz - Des solutions innovantes pour les industries utilisant la fabrication additive. Pi\u00e8ces plastiques et 3D","breadcrumb":{"@id":"https:\/\/metalizz.com\/solutions-metallisation\/#breadcrumb"},"inLanguage":"en-GB","potentialAction":[{"@type":"ReadAction","target":["https:\/\/metalizz.com\/solutions-metallisation\/"]}]},{"@type":"ImageObject","inLanguage":"en-GB","@id":"https:\/\/metalizz.com\/solutions-metallisation\/#primaryimage","url":"https:\/\/metalizz.com\/wp-content\/uploads\/2021\/08\/MIM-2.png","contentUrl":"https:\/\/metalizz.com\/wp-content\/uploads\/2021\/08\/MIM-2.png"},{"@type":"BreadcrumbList","@id":"https:\/\/metalizz.com\/solutions-metallisation\/#breadcrumb","itemListElement":[{"@type":"ListItem","position":1,"name":"Accueil","item":"https:\/\/metalizz.com\/"},{"@type":"ListItem","position":2,"name":"Solutions"}]},{"@type":"WebSite","@id":"https:\/\/metalizz.com\/#website","url":"https:\/\/metalizz.com\/","name":"Metalizz | Solutions traitement pi\u00e8ces plastiques","description":"","potentialAction":[{"@type":"SearchAction","target":{"@type":"EntryPoint","urlTemplate":"https:\/\/metalizz.com\/?s={search_term_string}"},"query-input":{"@type":"PropertyValueSpecification","valueRequired":true,"valueName":"search_term_string"}}],"inLanguage":"en-GB"}]}},"_links":{"self":[{"href":"https:\/\/metalizz.com\/en\/wp-json\/wp\/v2\/pages\/1181","targetHints":{"allow":["GET"]}}],"collection":[{"href":"https:\/\/metalizz.com\/en\/wp-json\/wp\/v2\/pages"}],"about":[{"href":"https:\/\/metalizz.com\/en\/wp-json\/wp\/v2\/types\/page"}],"author":[{"embeddable":true,"href":"https:\/\/metalizz.com\/en\/wp-json\/wp\/v2\/users\/1"}],"replies":[{"embeddable":true,"href":"https:\/\/metalizz.com\/en\/wp-json\/wp\/v2\/comments?post=1181"}],"version-history":[{"count":101,"href":"https:\/\/metalizz.com\/en\/wp-json\/wp\/v2\/pages\/1181\/revisions"}],"predecessor-version":[{"id":11379,"href":"https:\/\/metalizz.com\/en\/wp-json\/wp\/v2\/pages\/1181\/revisions\/11379"}],"wp:attachment":[{"href":"https:\/\/metalizz.com\/en\/wp-json\/wp\/v2\/media?parent=1181"}],"wp:term":[{"taxonomy":"category","embeddable":true,"href":"https:\/\/metalizz.com\/en\/wp-json\/wp\/v2\/categories?post=1181"},{"taxonomy":"post_tag","embeddable":true,"href":"https:\/\/metalizz.com\/en\/wp-json\/wp\/v2\/tags?post=1181"}],"curies":[{"name":"wp","href":"https:\/\/api.w.org\/{rel}","templated":true}]}}