{"id":2439,"date":"2021-08-06T09:53:43","date_gmt":"2021-08-06T07:53:43","guid":{"rendered":"https:\/\/metalizz.marquedigitale.ovh\/?page_id=2439"},"modified":"2024-10-06T17:44:03","modified_gmt":"2024-10-06T15:44:03","slug":"etre-rappele","status":"publish","type":"page","link":"https:\/\/metalizz.com\/en\/etre-rappele\/","title":{"rendered":"CALL YOU BACK"},"content":{"rendered":"\t\t<div data-elementor-type=\"wp-page\" data-elementor-id=\"2439\" class=\"elementor elementor-2439\" data-elementor-post-type=\"page\">\n\t\t\t\t\t\t<section data-dce-background-color=\"#000000\" class=\"elementor-section elementor-top-section elementor-element elementor-element-3abfd26 elementor-section-boxed elementor-section-height-default elementor-section-height-default\" data-id=\"3abfd26\" data-element_type=\"section\" data-e-type=\"section\" data-settings=\"{&quot;background_background&quot;:&quot;gradient&quot;}\">\n\t\t\t\t\t\t<div class=\"elementor-container elementor-column-gap-default\">\n\t\t\t\t\t<div class=\"elementor-column elementor-col-50 elementor-top-column elementor-element elementor-element-306a5271\" data-id=\"306a5271\" data-element_type=\"column\" data-e-type=\"column\">\n\t\t\t<div class=\"elementor-widget-wrap elementor-element-populated\">\n\t\t\t\t\t\t<div class=\"elementor-element elementor-element-6ad0e1a elementor-widget elementor-widget-heading\" data-id=\"6ad0e1a\" data-element_type=\"widget\" data-e-type=\"widget\" data-widget_type=\"heading.default\">\n\t\t\t\t<div class=\"elementor-widget-container\">\n\t\t\t\t\t<h1 class=\"elementor-heading-title elementor-size-default\">\u00catre rappel\u00e9\n<\/h1>\t\t\t\t<\/div>\n\t\t\t\t<\/div>\n\t\t\t\t<div class=\"elementor-element elementor-element-c96f496 elementor-widget-divider--view-line elementor-widget elementor-widget-divider\" data-id=\"c96f496\" data-element_type=\"widget\" data-e-type=\"widget\" data-widget_type=\"divider.default\">\n\t\t\t\t<div class=\"elementor-widget-container\">\n\t\t\t\t\t\t\t<div class=\"elementor-divider\">\n\t\t\t<span class=\"elementor-divider-separator\">\n\t\t\t\t\t\t<\/span>\n\t\t<\/div>\n\t\t\t\t\t\t<\/div>\n\t\t\t\t<\/div>\n\t\t\t\t<div class=\"elementor-element elementor-element-5b910fd5 elementor-widget elementor-widget-text-editor\" data-id=\"5b910fd5\" data-element_type=\"widget\" data-e-type=\"widget\" data-widget_type=\"text-editor.default\">\n\t\t\t\t<div class=\"elementor-widget-container\">\n\t\t\t\t\t\t\t\t\t<p>En quoi consiste le fait d&rsquo;\u00eatre rappel\u00e9 ?<\/p>\n<p>Notre \u00e9quipe vous appelle pour prendre connaissance de vos besoins et de votre projet. Si vous ne savez pas comment faire un <span style=\"color: #199bda;\"><a style=\"color: #199bda;\" href=\"https:\/\/metalizz.com\/contact-devis\/\">devis<\/a><\/span>, nous pourrons par la suite vous aiguiller et vous conduire dans vos choix de prestations. Laissez-nous vos coordonn\u00e9es, et recevez un appel de Metalizz dans les plus brefs d\u00e9lais.<\/p>\n<p><\/p>\n<p><strong>Vous \u00eates press\u00e9 ?<\/strong><br><strong>Appelez-nous vite !<\/strong><\/p>\t\t\t\t\t\t\t\t<\/div>\n\t\t\t\t<\/div>\n\t\t\t\t<div class=\"elementor-element elementor-element-a99fe03 elementor-align-end elementor-icon-list--layout-traditional elementor-list-item-link-full_width elementor-widget elementor-widget-icon-list\" data-id=\"a99fe03\" data-element_type=\"widget\" data-e-type=\"widget\" data-widget_type=\"icon-list.default\">\n\t\t\t\t<div class=\"elementor-widget-container\">\n\t\t\t\t\t\t\t<ul class=\"elementor-icon-list-items\">\n\t\t\t\t\t\t\t<li class=\"elementor-icon-list-item\">\n\t\t\t\t\t\t\t\t\t\t\t<span class=\"elementor-icon-list-icon\">\n\t\t\t\t\t\t\t<i aria-hidden=\"true\" class=\"fas fa-phone-alt\"><\/i>\t\t\t\t\t\t<\/span>\n\t\t\t\t\t\t\t\t\t\t<span class=\"elementor-icon-list-text\">+33 4 75 63 78 11<\/span>\n\t\t\t\t\t\t\t\t\t<\/li>\n\t\t\t\t\t\t<\/ul>\n\t\t\t\t\t\t<\/div>\n\t\t\t\t<\/div>\n\t\t\t\t\t<\/div>\n\t\t<\/div>\n\t\t\t\t<div class=\"elementor-column elementor-col-50 elementor-top-column elementor-element elementor-element-aeb5562\" data-id=\"aeb5562\" data-element_type=\"column\" data-e-type=\"column\">\n\t\t\t<div class=\"elementor-widget-wrap elementor-element-populated\">\n\t\t\t\t\t\t<section class=\"elementor-section elementor-inner-section elementor-element elementor-element-3d59c5b elementor-section-boxed elementor-section-height-default elementor-section-height-default\" data-id=\"3d59c5b\" data-element_type=\"section\" data-e-type=\"section\">\n\t\t\t\t\t\t<div class=\"elementor-container elementor-column-gap-default\">\n\t\t\t\t\t<div class=\"elementor-column elementor-col-100 elementor-inner-column elementor-element elementor-element-06dab4d\" data-id=\"06dab4d\" data-element_type=\"column\" data-e-type=\"column\" data-settings=\"{&quot;background_background&quot;:&quot;classic&quot;}\">\n\t\t\t<div class=\"elementor-widget-wrap elementor-element-populated\">\n\t\t\t\t\t\t<div class=\"elementor-element elementor-element-0a5caef elementor-button-align-center elementor-widget elementor-widget-form\" data-id=\"0a5caef\" data-element_type=\"widget\" data-e-type=\"widget\" data-settings=\"{&quot;step_next_label&quot;:&quot;Suivant&quot;,&quot;step_previous_label&quot;:&quot;Pr\\u00e9c\\u00e9dent&quot;,&quot;dce_confirm_dialog_enabled&quot;:&quot;no&quot;,&quot;step_type&quot;:&quot;number_text&quot;,&quot;step_icon_shape&quot;:&quot;circle&quot;,&quot;label_icon_size&quot;:{&quot;unit&quot;:&quot;px&quot;,&quot;size&quot;:&quot;&quot;,&quot;sizes&quot;:[]},&quot;field_icon_size&quot;:{&quot;unit&quot;:&quot;px&quot;,&quot;size&quot;:&quot;&quot;,&quot;sizes&quot;:[]}}\" data-widget_type=\"form.default\">\n\t\t\t\t<div class=\"elementor-widget-container\">\n\t\t\t\t\t\t\t<form class=\"elementor-form\" method=\"post\" name=\"Formulaire \u00catre rappel\u00e9\" aria-label=\"Formulaire \u00catre rappel\u00e9\">\n\t\t\t<input type=\"hidden\" name=\"post_id\" value=\"2439\"\/>\n\t\t\t<input type=\"hidden\" name=\"form_id\" value=\"0a5caef\"\/>\n\t\t\t<input type=\"hidden\" name=\"referer_title\" value=\"Metalizz | Solutions traitement pi\u00e8ces plastiques\" \/>\n\n\t\t\t\n\t\t\t<div class=\"elementor-form-fields-wrapper elementor-labels-above\">\n\t\t\t\t\t\t\t\t<div class=\"elementor-field-type-text elementor-field-group elementor-column elementor-field-group-name elementor-col-100 elementor-field-required\">\n\t\t\t\t\t\t\t\t\t\t\t\t\t<input size=\"1\" type=\"text\" name=\"form_fields[name]\" id=\"form-field-name\" class=\"elementor-field elementor-size-sm  elementor-field-textual\" placeholder=\"Nom *\" required=\"required\">\n\t\t\t\t\t\t\t\t\t\t\t<\/div>\n\t\t\t\t\t\t\t\t<div class=\"elementor-field-type-text elementor-field-group elementor-column elementor-field-group-field_2fc6338 elementor-col-100 elementor-field-required\">\n\t\t\t\t\t\t\t\t\t\t\t\t\t<input size=\"1\" type=\"text\" name=\"form_fields[field_2fc6338]\" id=\"form-field-field_2fc6338\" class=\"elementor-field elementor-size-sm  elementor-field-textual\" placeholder=\"Pr\u00e9nom *\" required=\"required\">\n\t\t\t\t\t\t\t\t\t\t\t<\/div>\n\t\t\t\t\t\t\t\t<div class=\"elementor-field-type-text elementor-field-group elementor-column elementor-field-group-field_ffd38a0 elementor-col-100 elementor-field-required\">\n\t\t\t\t\t\t\t\t\t\t\t\t\t<input size=\"1\" type=\"text\" name=\"form_fields[field_ffd38a0]\" id=\"form-field-field_ffd38a0\" class=\"elementor-field elementor-size-sm  elementor-field-textual\" placeholder=\"Soci\u00e9t\u00e9 *\" required=\"required\">\n\t\t\t\t\t\t\t\t\t\t\t<\/div>\n\t\t\t\t\t\t\t\t<div class=\"elementor-field-type-tel elementor-field-group elementor-column elementor-field-group-field_b56fc60 elementor-col-100 elementor-field-required\">\n\t\t\t\t\t\t\t<input size=\"1\" type=\"tel\" name=\"form_fields[field_b56fc60]\" id=\"form-field-field_b56fc60\" class=\"elementor-field elementor-size-sm  elementor-field-textual\" placeholder=\"T\u00e9l\u00e9phone *\" required=\"required\" pattern=\"[0-9()#&amp;+*-=.]+\" title=\"Only numbers and phone characters (#, -, *, etc) are accepted.\">\n\n\t\t\t\t\t\t<\/div>\n\t\t\t\t\t\t\t\t<div class=\"elementor-field-type-email elementor-field-group elementor-column elementor-field-group-email elementor-col-100 elementor-field-required\">\n\t\t\t\t\t\t\t\t\t\t\t\t\t<input size=\"1\" type=\"email\" name=\"form_fields[email]\" id=\"form-field-email\" class=\"elementor-field elementor-size-sm  elementor-field-textual\" placeholder=\"E-mail *\" required=\"required\">\n\t\t\t\t\t\t\t\t\t\t\t<\/div>\n\t\t\t\t\t\t\t\t<div class=\"elementor-field-type-select elementor-field-group elementor-column elementor-field-group-message elementor-col-100\">\n\t\t\t\t\t\t\t\t\t\t\t\t<label for=\"form-field-message\" class=\"elementor-field-label\">\n\t\t\t\t\t\t\t\tVous \u00eates int\u00e9ress\u00e9s par : \t\t\t\t\t\t\t<\/label>\n\t\t\t\t\t\t\t\t<div class=\"elementor-field elementor-select-wrapper remove-before \">\n\t\t\t<div class=\"select-caret-down-wrapper\">\n\t\t\t\t<i aria-hidden=\"true\" class=\"eicon-caret-down\"><\/i>\t\t\t<\/div>\n\t\t\t<select name=\"form_fields[message]\" id=\"form-field-message\" class=\"elementor-field-textual elementor-size-sm\">\n\t\t\t\t\t\t\t\t\t<option value=\"Nettoyage\">Nettoyage<\/option>\n\t\t\t\t\t\t\t\t\t<option value=\"Lissage\">Lissage<\/option>\n\t\t\t\t\t\t\t\t\t<option value=\"Blindage EM\">Blindage EM<\/option>\n\t\t\t\t\t\t\t\t\t<option value=\"M\u00e9tallisation chimique\">M\u00e9tallisation chimique<\/option>\n\t\t\t\t\t\t\t\t\t<option value=\"D\u00e9cors et finitions\">D\u00e9cors et finitions<\/option>\n\t\t\t\t\t\t\t\t\t<option value=\"Traitement de surface\">Traitement de surface<\/option>\n\t\t\t\t\t\t\t\t\t<option value=\"Ing\u00e9nierie\">Ing\u00e9nierie<\/option>\n\t\t\t\t\t\t\t\t\t<option value=\"Services\">Services<\/option>\n\t\t\t\t\t\t\t\t\t<option value=\"autre\">autre<\/option>\n\t\t\t\t\t\t\t\t\t<option value=\"\"><\/option>\n\t\t\t\t\t\t\t\t\t<option value=\"\"><\/option>\n\t\t\t\t\t\t\t<\/select>\n\t\t<\/div>\n\t\t\t\t\t\t<\/div>\n\t\t\t\t\t\t\t\t<div class=\"elementor-field-type-textarea elementor-field-group elementor-column elementor-field-group-field_db4c78e elementor-col-100\">\n\t\t\t\t\t<textarea class=\"elementor-field-textual elementor-field  elementor-size-sm\" name=\"form_fields[field_db4c78e]\" id=\"form-field-field_db4c78e\" rows=\"4\" placeholder=\"Message\"><\/textarea>\t\t\t\t<\/div>\n\t\t\t\t\t\t\t\t<div class=\"elementor-field-type-checkbox elementor-field-group elementor-column elementor-field-group-field_239c2b7 elementor-col-100\">\n\t\t\t\t\t<div class=\"elementor-field-subgroup  \"><span class=\"elementor-field-option\"><input type=\"checkbox\" value=\"En envoyant ce formulaire, vous acceptez que vos donn\u00e9es soient collect\u00e9es par Metalizz pour pouvoir vous rappeler.\" id=\"form-field-field_239c2b7-0\" name=\"form_fields[field_239c2b7]\"> <label for=\"form-field-field_239c2b7-0\">En envoyant ce formulaire, vous acceptez que vos donn\u00e9es soient collect\u00e9es par Metalizz pour pouvoir vous rappeler.<\/label><\/span><\/div>\t\t\t\t<\/div>\n\t\t\t\t\t\t\t\t<div class=\"elementor-field-type-recaptcha_v3 elementor-field-group elementor-column elementor-field-group-field_dca09fc elementor-col-100 recaptcha_v3-bottomright\">\n\t\t\t\t\t<div class=\"elementor-field\" id=\"form-field-field_dca09fc\"><div class=\"elementor-g-recaptcha\" data-sitekey=\"6LfmmIAcAAAAABzLcqPXSZFxNDqNqW48mKyAMRf1\" data-type=\"v3\" data-action=\"Form\" data-badge=\"bottomright\" data-size=\"invisible\"><\/div><\/div>\t\t\t\t<\/div>\n\t\t\t\t\t\t\t\t<div class=\"elementor-field-group elementor-column elementor-field-type-submit elementor-col-100 e-form__buttons\">\n\t\t\t\t\t<button class=\"elementor-button elementor-size-sm\" type=\"submit\">\n\t\t\t\t\t\t<span class=\"elementor-button-content-wrapper\">\n\t\t\t\t\t\t\t\t\t\t\t\t\t\t\t\t\t\t\t\t\t\t<span class=\"elementor-button-text\">Envoyer<\/span>\n\t\t\t\t\t\t\t\t\t\t\t\t\t<\/span>\n\t\t\t\t\t<\/button>\n\t\t\t\t<\/div>\n\t\t\t<\/div>\n\t\t<\/form>\n\t\t\t\t\t\t<\/div>\n\t\t\t\t<\/div>\n\t\t\t\t\t<\/div>\n\t\t<\/div>\n\t\t\t\t\t<\/div>\n\t\t<\/section>\n\t\t\t\t\t<\/div>\n\t\t<\/div>\n\t\t\t\t\t<\/div>\n\t\t<\/section>\n\t\t\t\t<section class=\"elementor-section elementor-top-section elementor-element elementor-element-2a5b5e6 elementor-section-boxed elementor-section-height-default elementor-section-height-default\" data-id=\"2a5b5e6\" data-element_type=\"section\" data-e-type=\"section\" data-settings=\"{&quot;background_background&quot;:&quot;classic&quot;}\">\n\t\t\t\t\t\t<div class=\"elementor-container elementor-column-gap-default\">\n\t\t\t\t\t<div class=\"elementor-column elementor-col-100 elementor-top-column elementor-element elementor-element-d707fc1\" data-id=\"d707fc1\" data-element_type=\"column\" data-e-type=\"column\" data-settings=\"{&quot;background_background&quot;:&quot;classic&quot;}\">\n\t\t\t<div class=\"elementor-widget-wrap elementor-element-populated\">\n\t\t\t\t\t\t<div class=\"elementor-element elementor-element-67e25bb elementor-widget elementor-widget-google_maps\" data-id=\"67e25bb\" data-element_type=\"widget\" data-e-type=\"widget\" data-widget_type=\"google_maps.default\">\n\t\t\t\t<div class=\"elementor-widget-container\">\n\t\t\t\t\t\t\t<div class=\"elementor-custom-embed\">\n\t\t\t<iframe loading=\"lazy\"\n\t\t\t\t\tsrc=\"https:\/\/maps.google.com\/maps?q=metalizz&#038;t=m&#038;z=10&#038;output=embed&#038;iwloc=near\"\n\t\t\t\t\ttitle=\"metalizz\"\n\t\t\t\t\taria-label=\"metalizz\"\n\t\t\t><\/iframe>\n\t\t<\/div>\n\t\t\t\t\t\t<\/div>\n\t\t\t\t<\/div>\n\t\t\t\t\t<\/div>\n\t\t<\/div>\n\t\t\t\t\t<\/div>\n\t\t<\/section>\n\t\t\t\t<\/div>\n\t\t","protected":false},"excerpt":{"rendered":"<p>\u00catre rappel\u00e9 En quoi consiste le fait d&rsquo;\u00eatre rappel\u00e9 ? Notre \u00e9quipe vous appelle pour prendre connaissance de vos besoins et de votre projet. Si vous ne savez pas comment faire un devis, nous pourrons par la suite vous aiguiller et vous conduire dans vos choix de prestations. Laissez-nous vos coordonn\u00e9es, et recevez un appel [&hellip;]<\/p>\n","protected":false},"author":1,"featured_media":0,"parent":0,"menu_order":0,"comment_status":"closed","ping_status":"open","template":"elementor_header_footer","meta":{"footnotes":""},"categories":[],"tags":[],"class_list":["post-2439","page","type-page","status-publish","hentry"],"yoast_head":"<!-- This site is optimized with the Yoast SEO plugin v27.3 - https:\/\/yoast.com\/product\/yoast-seo-wordpress\/ -->\n<title>\u00catre rappel\u00e9 - Metalizz | Solutions traitement pi\u00e8ces plastiques<\/title>\n<meta name=\"description\" content=\"Contactez-nous pour \u00eatre rappel\u00e9, solutions sp\u00e9cialis\u00e9es pour le traitement de surface des pi\u00e8ces plastiques et 3D. Lissage, nettoyage, ...\" \/>\n<meta name=\"robots\" content=\"index, follow, max-snippet:-1, max-image-preview:large, max-video-preview:-1\" \/>\n<link rel=\"canonical\" href=\"https:\/\/metalizz.com\/en\/etre-rappele\/\" \/>\n<meta property=\"og:locale\" content=\"en_GB\" \/>\n<meta property=\"og:type\" content=\"article\" \/>\n<meta property=\"og:title\" content=\"\u00catre rappel\u00e9 - Metalizz | Solutions traitement pi\u00e8ces plastiques\" \/>\n<meta property=\"og:description\" content=\"Contactez-nous pour \u00eatre rappel\u00e9, solutions sp\u00e9cialis\u00e9es pour le traitement de surface des pi\u00e8ces plastiques et 3D. Lissage, nettoyage, ...\" \/>\n<meta property=\"og:url\" content=\"https:\/\/metalizz.com\/en\/etre-rappele\/\" \/>\n<meta property=\"og:site_name\" content=\"Metalizz | Solutions traitement pi\u00e8ces plastiques\" \/>\n<meta property=\"article:modified_time\" content=\"2024-10-06T15:44:03+00:00\" \/>\n<meta name=\"twitter:card\" content=\"summary_large_image\" \/>\n<meta name=\"twitter:label1\" content=\"Est. reading time\" \/>\n\t<meta name=\"twitter:data1\" content=\"1 minute\" \/>\n<script type=\"application\/ld+json\" class=\"yoast-schema-graph\">{\"@context\":\"https:\\\/\\\/schema.org\",\"@graph\":[{\"@type\":\"WebPage\",\"@id\":\"https:\\\/\\\/metalizz.com\\\/etre-rappele\\\/\",\"url\":\"https:\\\/\\\/metalizz.com\\\/etre-rappele\\\/\",\"name\":\"\u00catre rappel\u00e9 - Metalizz | Solutions traitement pi\u00e8ces plastiques\",\"isPartOf\":{\"@id\":\"https:\\\/\\\/metalizz.com\\\/#website\"},\"datePublished\":\"2021-08-06T07:53:43+00:00\",\"dateModified\":\"2024-10-06T15:44:03+00:00\",\"description\":\"Contactez-nous pour \u00eatre rappel\u00e9, solutions sp\u00e9cialis\u00e9es pour le traitement de surface des pi\u00e8ces plastiques et 3D. Lissage, nettoyage, ...\",\"breadcrumb\":{\"@id\":\"https:\\\/\\\/metalizz.com\\\/etre-rappele\\\/#breadcrumb\"},\"inLanguage\":\"en-GB\",\"potentialAction\":[{\"@type\":\"ReadAction\",\"target\":[\"https:\\\/\\\/metalizz.com\\\/etre-rappele\\\/\"]}]},{\"@type\":\"BreadcrumbList\",\"@id\":\"https:\\\/\\\/metalizz.com\\\/etre-rappele\\\/#breadcrumb\",\"itemListElement\":[{\"@type\":\"ListItem\",\"position\":1,\"name\":\"Accueil\",\"item\":\"https:\\\/\\\/metalizz.com\\\/\"},{\"@type\":\"ListItem\",\"position\":2,\"name\":\"\u00catre rappel\u00e9\"}]},{\"@type\":\"WebSite\",\"@id\":\"https:\\\/\\\/metalizz.com\\\/#website\",\"url\":\"https:\\\/\\\/metalizz.com\\\/\",\"name\":\"Metalizz | Solutions traitement pi\u00e8ces plastiques\",\"description\":\"\",\"potentialAction\":[{\"@type\":\"SearchAction\",\"target\":{\"@type\":\"EntryPoint\",\"urlTemplate\":\"https:\\\/\\\/metalizz.com\\\/?s={search_term_string}\"},\"query-input\":{\"@type\":\"PropertyValueSpecification\",\"valueRequired\":true,\"valueName\":\"search_term_string\"}}],\"inLanguage\":\"en-GB\"}]}<\/script>\n<!-- \/ Yoast SEO plugin. -->","yoast_head_json":{"title":"\u00catre rappel\u00e9 - Metalizz | Solutions traitement pi\u00e8ces plastiques","description":"Contactez-nous pour \u00eatre rappel\u00e9, solutions sp\u00e9cialis\u00e9es pour le traitement de surface des pi\u00e8ces plastiques et 3D. Lissage, nettoyage, ...","robots":{"index":"index","follow":"follow","max-snippet":"max-snippet:-1","max-image-preview":"max-image-preview:large","max-video-preview":"max-video-preview:-1"},"canonical":"https:\/\/metalizz.com\/en\/etre-rappele\/","og_locale":"en_GB","og_type":"article","og_title":"\u00catre rappel\u00e9 - Metalizz | Solutions traitement pi\u00e8ces plastiques","og_description":"Contactez-nous pour \u00eatre rappel\u00e9, solutions sp\u00e9cialis\u00e9es pour le traitement de surface des pi\u00e8ces plastiques et 3D. Lissage, nettoyage, ...","og_url":"https:\/\/metalizz.com\/en\/etre-rappele\/","og_site_name":"Metalizz | Solutions traitement pi\u00e8ces plastiques","article_modified_time":"2024-10-06T15:44:03+00:00","twitter_card":"summary_large_image","twitter_misc":{"Est. reading time":"1 minute"},"schema":{"@context":"https:\/\/schema.org","@graph":[{"@type":"WebPage","@id":"https:\/\/metalizz.com\/etre-rappele\/","url":"https:\/\/metalizz.com\/etre-rappele\/","name":"\u00catre rappel\u00e9 - Metalizz | Solutions traitement pi\u00e8ces plastiques","isPartOf":{"@id":"https:\/\/metalizz.com\/#website"},"datePublished":"2021-08-06T07:53:43+00:00","dateModified":"2024-10-06T15:44:03+00:00","description":"Contactez-nous pour \u00eatre rappel\u00e9, solutions sp\u00e9cialis\u00e9es pour le traitement de surface des pi\u00e8ces plastiques et 3D. Lissage, nettoyage, ...","breadcrumb":{"@id":"https:\/\/metalizz.com\/etre-rappele\/#breadcrumb"},"inLanguage":"en-GB","potentialAction":[{"@type":"ReadAction","target":["https:\/\/metalizz.com\/etre-rappele\/"]}]},{"@type":"BreadcrumbList","@id":"https:\/\/metalizz.com\/etre-rappele\/#breadcrumb","itemListElement":[{"@type":"ListItem","position":1,"name":"Accueil","item":"https:\/\/metalizz.com\/"},{"@type":"ListItem","position":2,"name":"\u00catre rappel\u00e9"}]},{"@type":"WebSite","@id":"https:\/\/metalizz.com\/#website","url":"https:\/\/metalizz.com\/","name":"Metalizz | Solutions traitement pi\u00e8ces plastiques","description":"","potentialAction":[{"@type":"SearchAction","target":{"@type":"EntryPoint","urlTemplate":"https:\/\/metalizz.com\/?s={search_term_string}"},"query-input":{"@type":"PropertyValueSpecification","valueRequired":true,"valueName":"search_term_string"}}],"inLanguage":"en-GB"}]}},"_links":{"self":[{"href":"https:\/\/metalizz.com\/en\/wp-json\/wp\/v2\/pages\/2439","targetHints":{"allow":["GET"]}}],"collection":[{"href":"https:\/\/metalizz.com\/en\/wp-json\/wp\/v2\/pages"}],"about":[{"href":"https:\/\/metalizz.com\/en\/wp-json\/wp\/v2\/types\/page"}],"author":[{"embeddable":true,"href":"https:\/\/metalizz.com\/en\/wp-json\/wp\/v2\/users\/1"}],"replies":[{"embeddable":true,"href":"https:\/\/metalizz.com\/en\/wp-json\/wp\/v2\/comments?post=2439"}],"version-history":[{"count":55,"href":"https:\/\/metalizz.com\/en\/wp-json\/wp\/v2\/pages\/2439\/revisions"}],"predecessor-version":[{"id":11403,"href":"https:\/\/metalizz.com\/en\/wp-json\/wp\/v2\/pages\/2439\/revisions\/11403"}],"wp:attachment":[{"href":"https:\/\/metalizz.com\/en\/wp-json\/wp\/v2\/media?parent=2439"}],"wp:term":[{"taxonomy":"category","embeddable":true,"href":"https:\/\/metalizz.com\/en\/wp-json\/wp\/v2\/categories?post=2439"},{"taxonomy":"post_tag","embeddable":true,"href":"https:\/\/metalizz.com\/en\/wp-json\/wp\/v2\/tags?post=2439"}],"curies":[{"name":"wp","href":"https:\/\/api.w.org\/{rel}","templated":true}]}}