{"id":337,"date":"2021-05-19T17:37:10","date_gmt":"2021-05-19T15:37:10","guid":{"rendered":"https:\/\/metalizz.marquedigitale.ovh\/?page_id=337"},"modified":"2024-10-06T17:37:59","modified_gmt":"2024-10-06T15:37:59","slug":"procedes-metalizz","status":"publish","type":"page","link":"https:\/\/metalizz.com\/en\/procedes-metalizz\/","title":{"rendered":"Proc\u00e9d\u00e9s Metalizz"},"content":{"rendered":"<div data-elementor-type=\"wp-page\" data-elementor-id=\"337\" class=\"elementor elementor-337\" data-elementor-post-type=\"page\">\n\t\t\t\t\t\t<section data-dce-background-color=\"#000000\" class=\"elementor-section elementor-top-section elementor-element elementor-element-ed3140e elementor-section-boxed elementor-section-height-default elementor-section-height-default\" data-id=\"ed3140e\" data-element_type=\"section\" data-e-type=\"section\" data-settings=\"{&quot;background_background&quot;:&quot;gradient&quot;}\">\n\t\t\t\t\t\t<div class=\"elementor-container elementor-column-gap-default\">\n\t\t\t\t\t<div class=\"elementor-column elementor-col-50 elementor-top-column elementor-element elementor-element-53b1c99\" data-id=\"53b1c99\" data-element_type=\"column\" data-e-type=\"column\">\n\t\t\t<div class=\"elementor-widget-wrap elementor-element-populated\">\n\t\t\t\t\t\t<div data-dce-title-color=\"#FFFFFF\" class=\"elementor-element elementor-element-a8a48f2 elementor-widget elementor-widget-heading\" data-id=\"a8a48f2\" data-element_type=\"widget\" data-e-type=\"widget\" data-widget_type=\"heading.default\">\n\t\t\t\t<div class=\"elementor-widget-container\">\n\t\t\t\t\t<h1 class=\"elementor-heading-title elementor-size-default\">Patented <br> processes<\/h1>\t\t\t\t<\/div>\n\t\t\t\t<\/div>\n\t\t\t\t<div class=\"elementor-element elementor-element-5e38699 elementor-widget elementor-widget-text-editor\" data-id=\"5e38699\" data-element_type=\"widget\" data-e-type=\"widget\" data-widget_type=\"text-editor.default\">\n\t\t\t\t<div class=\"elementor-widget-container\">\n\t\t\t\t\t\t\t\t\t<p>Nous cr\u00e9ons des proc\u00e9d\u00e9s novateurs bas\u00e9s sur l&rsquo;id\u00e9e simple que l\u2019innovation doit \u00eatre accessible et&nbsp;utilisable par le plus grand nombre.<br><span style=\"color: #1a9bdb;\"><strong>The post-processing of plastic parts<\/strong><\/span> est au c\u0153ur de nos recherches. Au fil des ann\u00e9es, nous avons&nbsp;d\u00e9velopp\u00e9 plusieurs solutions \u00e0 partir de notre savoir-faire, la m\u00e9tallisation chimique, jusqu\u2019\u00e0&nbsp;constituer aujourd\u2019hui un ensemble coh\u00e9rent d&rsquo;\u00e9quipements de post-process pour les acteurs de la fabrication&nbsp;additive.<\/p>\t\t\t\t\t\t\t\t<\/div>\n\t\t\t\t<\/div>\n\t\t\t\t\t<\/div>\n\t\t<\/div>\n\t\t\t\t<div class=\"elementor-column elementor-col-50 elementor-top-column elementor-element elementor-element-c4d0855\" data-id=\"c4d0855\" data-element_type=\"column\" data-e-type=\"column\">\n\t\t\t<div class=\"elementor-widget-wrap elementor-element-populated\">\n\t\t\t\t\t\t<div class=\"elementor-element elementor-element-a41a212 dce_masking-none elementor-widget elementor-widget-image\" data-id=\"a41a212\" data-element_type=\"widget\" data-e-type=\"widget\" data-widget_type=\"image.default\">\n\t\t\t\t<div class=\"elementor-widget-container\">\n\t\t\t\t\t\t\t\t\t\t\t\t\t\t\t<img fetchpriority=\"high\" decoding=\"async\" width=\"1080\" height=\"904\" src=\"https:\/\/metalizz.com\/wp-content\/uploads\/2021\/06\/Ouson-noir-lissage-2-pieces.jpg\" class=\"attachment-full size-full wp-image-1166\" alt=\"Ouson noir lissage - 2 pi\u00e8ces\" srcset=\"https:\/\/metalizz.com\/wp-content\/uploads\/2021\/06\/Ouson-noir-lissage-2-pieces.jpg 1080w, https:\/\/metalizz.com\/wp-content\/uploads\/2021\/06\/Ouson-noir-lissage-2-pieces-300x251.jpg 300w, https:\/\/metalizz.com\/wp-content\/uploads\/2021\/06\/Ouson-noir-lissage-2-pieces-1024x857.jpg 1024w, https:\/\/metalizz.com\/wp-content\/uploads\/2021\/06\/Ouson-noir-lissage-2-pieces-768x643.jpg 768w\" sizes=\"(max-width: 1080px) 100vw, 1080px\" \/>\t\t\t\t\t\t\t\t\t\t\t\t\t\t\t<\/div>\n\t\t\t\t<\/div>\n\t\t\t\t\t<\/div>\n\t\t<\/div>\n\t\t\t\t\t<\/div>\n\t\t<\/section>\n\t\t\t\t<section class=\"elementor-section elementor-top-section elementor-element elementor-element-8781eb9 elementor-section-full_width elementor-section-height-default elementor-section-height-default\" data-id=\"8781eb9\" data-element_type=\"section\" data-e-type=\"section\" id=\"proc\">\n\t\t\t\t\t\t<div class=\"elementor-container elementor-column-gap-default\">\n\t\t\t\t\t<div class=\"elementor-column elementor-col-100 elementor-top-column elementor-element elementor-element-fb2eb21\" data-id=\"fb2eb21\" data-element_type=\"column\" data-e-type=\"column\">\n\t\t\t<div class=\"elementor-widget-wrap elementor-element-populated\">\n\t\t\t\t\t\t<div class=\"elementor-element elementor-element-65066a3 elementor--h-position-center elementor--v-position-middle elementor-arrows-position-inside elementor-pagination-position-inside elementor-widget elementor-widget-slides\" data-id=\"65066a3\" data-element_type=\"widget\" data-e-type=\"widget\" data-settings=\"{&quot;transition_speed&quot;:300,&quot;autoplay_speed&quot;:3000,&quot;navigation&quot;:&quot;both&quot;,&quot;autoplay&quot;:&quot;yes&quot;,&quot;pause_on_hover&quot;:&quot;yes&quot;,&quot;pause_on_interaction&quot;:&quot;yes&quot;,&quot;infinite&quot;:&quot;yes&quot;,&quot;transition&quot;:&quot;slide&quot;}\" data-widget_type=\"slides.default\">\n\t\t\t\t<div class=\"elementor-widget-container\">\n\t\t\t\t\t\t\t\t\t<div class=\"elementor-swiper\">\n\t\t\t\t\t<div class=\"elementor-slides-wrapper elementor-main-swiper swiper\" role=\"region\" aria-roledescription=\"carousel\" aria-label=\"Slides\" dir=\"ltr\" data-animation=\"fadeInUp\">\n\t\t\t\t<div class=\"swiper-wrapper elementor-slides\">\n\t\t\t\t\t\t\t\t\t\t<div class=\"elementor-repeater-item-0087b10 swiper-slide\" role=\"group\" aria-roledescription=\"slide\"><div class=\"swiper-slide-bg elementor-ken-burns elementor-ken-burns--in\" role=\"img\" aria-label=\"Proc\u00e9d\u00e9-cleaner-Metalliz\"><\/div><a class=\"swiper-slide-inner\" href=\"https:\/\/metalizz.com\/en\/procedes-metalizz\/cleaner\/\"><div class=\"swiper-slide-contents\"><div class=\"elementor-slide-heading\">Cleaner<\/div><div class=\"elementor-slide-description\">3D PRINT CLEANING<\/div><div  class=\"elementor-button elementor-slide-button elementor-size-sm\">Discover<\/div><\/div><\/a><\/div><div class=\"elementor-repeater-item-510ddf5 swiper-slide\" role=\"group\" aria-roledescription=\"slide\"><div class=\"swiper-slide-bg elementor-ken-burns elementor-ken-burns--in\" role=\"img\" aria-label=\"Bandeau-metalizz-Porc\u00e9d\u00e9s-mim\"><\/div><a class=\"swiper-slide-inner\" href=\"https:\/\/metalizz.com\/en\/procedes-metalizz\/mim-lissage\/\"><div class=\"swiper-slide-contents\"><div class=\"elementor-slide-heading\">M I M<\/div><div class=\"elementor-slide-description\">Surface smoothing and protection<\/div><div  class=\"elementor-button elementor-slide-button elementor-size-sm\">Discover<\/div><\/div><\/a><\/div><div class=\"elementor-repeater-item-65ed20a swiper-slide\" role=\"group\" aria-roledescription=\"slide\"><div class=\"swiper-slide-bg elementor-ken-burns elementor-ken-burns--in\" role=\"img\" aria-label=\"Utility-Silver-Laye-bandeau-slider\"><\/div><a class=\"swiper-slide-inner\" href=\"https:\/\/metalizz.com\/en\/procedes-metalizz\/utility-silver-layer\/\"><div class=\"swiper-slide-contents\"><div class=\"elementor-slide-heading\">UTILITY<br>SILVER<br> LAYER<\/div><div class=\"elementor-slide-description\">Chemical metallization of non-conducting surfaces<\/div><div  class=\"elementor-button elementor-slide-button elementor-size-sm\">Discover<\/div><\/div><\/a><\/div><div class=\"elementor-repeater-item-50f2bd4 swiper-slide\" role=\"group\" aria-roledescription=\"slide\"><div class=\"swiper-slide-bg elementor-ken-burns elementor-ken-burns--in\" role=\"img\" aria-label=\"Bandeau-metalizz-Look-like-Chromium\"><\/div><a class=\"swiper-slide-inner\" href=\"https:\/\/metalizz.com\/en\/procedes-metalizz\/look-like-chromium\/\"><div class=\"swiper-slide-contents\"><div class=\"elementor-slide-heading\">LOOK LIKE <br>CHROMIUM<sup>\u00ae<\/sup><\/div><div class=\"elementor-slide-description\">High-quality metallic appearance<\/div><div  class=\"elementor-button elementor-slide-button elementor-size-sm\">Discover<\/div><\/div><\/a><\/div><div class=\"elementor-repeater-item-956164b swiper-slide\" role=\"group\" aria-roledescription=\"slide\"><div class=\"swiper-slide-bg elementor-ken-burns elementor-ken-burns--in\" role=\"img\" aria-label=\"FaraD-Layer-Solution-metalizz blindage CEM\"><\/div><a class=\"swiper-slide-inner\" href=\"https:\/\/metalizz.com\/en\/procedes-metalizz\/blindage-cem\/\"><div class=\"swiper-slide-contents\"><div class=\"elementor-slide-heading\">Fara D Layer<\/div><div class=\"elementor-slide-description\">Polymer EM shielding<\/div><div  class=\"elementor-button elementor-slide-button elementor-size-sm\">Discover<\/div><\/div><\/a><\/div><div class=\"elementor-repeater-item-89ea0a4 swiper-slide\" role=\"group\" aria-roledescription=\"slide\"><div class=\"swiper-slide-bg elementor-ken-burns elementor-ken-burns--in\" role=\"img\" aria-label=\"pexels-jill-burrow-6387819\"><\/div><a class=\"swiper-slide-inner\" href=\"https:\/\/metalizz.com\/en\/procedes-metalizz\/crystal-reflex-transparence-pieces-imprimees-3d\/\"><div class=\"swiper-slide-contents\"><div class=\"elementor-slide-heading\">Crystal Reflex<\/div><div class=\"elementor-slide-description\">Transparence pi\u00e8ce imprim\u00e9es 3D<\/div><div  class=\"elementor-button elementor-slide-button elementor-size-sm\">Discover<\/div><\/div><\/a><\/div>\t\t\t\t<\/div>\n\t\t\t\t\t\t\t\t\t\t\t\t\t\t\t<div class=\"elementor-swiper-button elementor-swiper-button-prev\" role=\"button\" tabindex=\"0\" aria-label=\"Previous slide\">\n\t\t\t\t\t\t\t<i aria-hidden=\"true\" class=\"eicon-chevron-left\"><\/i>\t\t\t\t\t\t<\/div>\n\t\t\t\t\t\t<div class=\"elementor-swiper-button elementor-swiper-button-next\" role=\"button\" tabindex=\"0\" aria-label=\"Next slide\">\n\t\t\t\t\t\t\t<i aria-hidden=\"true\" class=\"eicon-chevron-right\"><\/i>\t\t\t\t\t\t<\/div>\n\t\t\t\t\t\t\t\t\t\t\t\t\t\t\t\t<div class=\"swiper-pagination\"><\/div>\n\t\t\t\t\t\t\t\t\t\t\t\t<\/div>\n\t\t\t\t<\/div>\n\t\t\t\t\t\t\t\t<\/div>\n\t\t\t\t<\/div>\n\t\t\t\t\t<\/div>\n\t\t<\/div>\n\t\t\t\t\t<\/div>\n\t\t<\/section>\n\t\t\t\t<section class=\"elementor-section elementor-top-section elementor-element elementor-element-d3c0fa6 elementor-section-full_width elementor-section-height-default elementor-section-height-default\" data-id=\"d3c0fa6\" data-element_type=\"section\" data-e-type=\"section\" data-settings=\"{&quot;background_background&quot;:&quot;classic&quot;}\">\n\t\t\t\t\t\t<div class=\"elementor-container elementor-column-gap-default\">\n\t\t\t\t\t<div class=\"elementor-column elementor-col-100 elementor-top-column elementor-element elementor-element-b6d8f0c\" data-id=\"b6d8f0c\" data-element_type=\"column\" data-e-type=\"column\">\n\t\t\t<div class=\"elementor-widget-wrap elementor-element-populated\">\n\t\t\t\t\t\t<div class=\"elementor-element elementor-element-ab6db79 elementor-widget elementor-widget-heading\" data-id=\"ab6db79\" data-element_type=\"widget\" data-e-type=\"widget\" data-widget_type=\"heading.default\">\n\t\t\t\t<div class=\"elementor-widget-container\">\n\t\t\t\t\t<h2 class=\"elementor-heading-title elementor-size-default\">DISCOVER OUR SOLUTIONS<\/h2>\t\t\t\t<\/div>\n\t\t\t\t<\/div>\n\t\t\t\t<div class=\"elementor-element elementor-element-25cd9a7 elementor-widget__width-initial elementor-widget-mobile__width-inherit dce_masking-none elementor-widget elementor-widget-image\" data-id=\"25cd9a7\" data-element_type=\"widget\" data-e-type=\"widget\" data-widget_type=\"image.default\">\n\t\t\t\t<div class=\"elementor-widget-container\">\n\t\t\t\t\t\t\t\t\t\t\t\t\t\t\t\t<a href=\"https:\/\/metalizz.com\/en\/solutions\/uscleaner\/\">\n\t\t\t\t\t\t\t<img decoding=\"async\" width=\"866\" height=\"519\" src=\"https:\/\/metalizz.com\/wp-content\/uploads\/2021\/09\/Pastille-uscleaner-Metalizz.png\" class=\"attachment-full size-full wp-image-3195\" alt=\"Pastille-uscleaner-Metalizz\" srcset=\"https:\/\/metalizz.com\/wp-content\/uploads\/2021\/09\/Pastille-uscleaner-Metalizz.png 866w, https:\/\/metalizz.com\/wp-content\/uploads\/2021\/09\/Pastille-uscleaner-Metalizz-300x180.png 300w, https:\/\/metalizz.com\/wp-content\/uploads\/2021\/09\/Pastille-uscleaner-Metalizz-768x460.png 768w\" sizes=\"(max-width: 866px) 100vw, 866px\" \/>\t\t\t\t\t\t\t\t<\/a>\n\t\t\t\t\t\t\t\t\t\t\t\t\t\t\t<\/div>\n\t\t\t\t<\/div>\n\t\t\t\t<div class=\"elementor-element elementor-element-fc1728e elementor-widget__width-initial elementor-widget-mobile__width-inherit dce_masking-none elementor-widget elementor-widget-image\" data-id=\"fc1728e\" data-element_type=\"widget\" data-e-type=\"widget\" data-widget_type=\"image.default\">\n\t\t\t\t<div class=\"elementor-widget-container\">\n\t\t\t\t\t\t\t\t\t\t\t\t\t\t\t\t<a href=\"https:\/\/metalizz.com\/en\/solutions\/smoothit\/\">\n\t\t\t\t\t\t\t<img decoding=\"async\" width=\"866\" height=\"519\" src=\"https:\/\/metalizz.com\/wp-content\/uploads\/2021\/09\/Pastille-Smoothitr-Metalizz.png\" class=\"attachment-full size-full wp-image-3196\" alt=\"Pastille-Smoothitr-Metalizz\" srcset=\"https:\/\/metalizz.com\/wp-content\/uploads\/2021\/09\/Pastille-Smoothitr-Metalizz.png 866w, https:\/\/metalizz.com\/wp-content\/uploads\/2021\/09\/Pastille-Smoothitr-Metalizz-300x180.png 300w, https:\/\/metalizz.com\/wp-content\/uploads\/2021\/09\/Pastille-Smoothitr-Metalizz-768x460.png 768w\" sizes=\"(max-width: 866px) 100vw, 866px\" \/>\t\t\t\t\t\t\t\t<\/a>\n\t\t\t\t\t\t\t\t\t\t\t\t\t\t\t<\/div>\n\t\t\t\t<\/div>\n\t\t\t\t<div class=\"elementor-element elementor-element-4d193b2 elementor-widget__width-initial elementor-widget-mobile__width-inherit dce_masking-none elementor-widget elementor-widget-image\" data-id=\"4d193b2\" data-element_type=\"widget\" data-e-type=\"widget\" data-widget_type=\"image.default\">\n\t\t\t\t<div class=\"elementor-widget-container\">\n\t\t\t\t\t\t\t\t\t\t\t\t\t\t\t\t<a href=\"https:\/\/metalizz.com\/en\/solutions\/metalfog\/\">\n\t\t\t\t\t\t\t<img loading=\"lazy\" decoding=\"async\" width=\"866\" height=\"519\" src=\"https:\/\/metalizz.com\/wp-content\/uploads\/2021\/09\/Pastille-Metalfog-Metalizz.png\" class=\"attachment-full size-full wp-image-3197\" alt=\"Pastille-Metalfog-Metalizz\" srcset=\"https:\/\/metalizz.com\/wp-content\/uploads\/2021\/09\/Pastille-Metalfog-Metalizz.png 866w, https:\/\/metalizz.com\/wp-content\/uploads\/2021\/09\/Pastille-Metalfog-Metalizz-300x180.png 300w, https:\/\/metalizz.com\/wp-content\/uploads\/2021\/09\/Pastille-Metalfog-Metalizz-768x460.png 768w\" sizes=\"(max-width: 866px) 100vw, 866px\" \/>\t\t\t\t\t\t\t\t<\/a>\n\t\t\t\t\t\t\t\t\t\t\t\t\t\t\t<\/div>\n\t\t\t\t<\/div>\n\t\t\t\t\t<\/div>\n\t\t<\/div>\n\t\t\t\t\t<\/div>\n\t\t<\/section>\n\t\t\t\t<\/div>","protected":false},"excerpt":{"rendered":"<p>Des proc\u00e9d\u00e9s brevet\u00e9s Nous cr\u00e9ons des proc\u00e9d\u00e9s novateurs bas\u00e9s sur l&rsquo;id\u00e9e simple que l\u2019innovation doit \u00eatre accessible et&nbsp;utilisable par le plus grand nombre.Le post-traitement de pi\u00e8ces plastiques est au c\u0153ur de nos recherches. Au fil des ann\u00e9es, nous avons&nbsp;d\u00e9velopp\u00e9 plusieurs solutions \u00e0 partir de notre savoir-faire, la m\u00e9tallisation chimique, jusqu\u2019\u00e0&nbsp;constituer aujourd\u2019hui un ensemble coh\u00e9rent d&rsquo;\u00e9quipements [&hellip;]<\/p>\n","protected":false},"author":1,"featured_media":0,"parent":0,"menu_order":0,"comment_status":"closed","ping_status":"open","template":"elementor_header_footer","meta":{"footnotes":""},"categories":[],"tags":[],"class_list":["post-337","page","type-page","status-publish","hentry"],"yoast_head":"<!-- This site is optimized with the Yoast SEO plugin v27.3 - https:\/\/yoast.com\/product\/yoast-seo-wordpress\/ -->\n<title>Proc\u00e9d\u00e9s Metalizz - Metalizz | Solutions traitement pi\u00e8ces plastiques<\/title>\n<meta name=\"description\" content=\"Proc\u00e9d\u00e9s Metalizz - solutions post traitement pi\u00e8ces plastiques et 3D. Solutions innovantes pour les industries utilisant la fabrication additive.\" \/>\n<meta name=\"robots\" content=\"index, follow, max-snippet:-1, max-image-preview:large, max-video-preview:-1\" \/>\n<link rel=\"canonical\" href=\"https:\/\/metalizz.com\/en\/procedes-metalizz\/\" \/>\n<meta property=\"og:locale\" content=\"en_GB\" \/>\n<meta property=\"og:type\" content=\"article\" \/>\n<meta property=\"og:title\" content=\"Proc\u00e9d\u00e9s Metalizz - Metalizz | Solutions traitement pi\u00e8ces plastiques\" \/>\n<meta property=\"og:description\" content=\"Proc\u00e9d\u00e9s Metalizz - solutions post traitement pi\u00e8ces plastiques et 3D. Solutions innovantes pour les industries utilisant la fabrication additive.\" \/>\n<meta property=\"og:url\" content=\"https:\/\/metalizz.com\/en\/procedes-metalizz\/\" \/>\n<meta property=\"og:site_name\" content=\"Metalizz | Solutions traitement pi\u00e8ces plastiques\" \/>\n<meta property=\"article:modified_time\" content=\"2024-10-06T15:37:59+00:00\" \/>\n<meta property=\"og:image\" content=\"https:\/\/metalizz.com\/wp-content\/uploads\/2021\/06\/Ouson-noir-lissage-2-pieces.jpg\" \/>\n<meta name=\"twitter:card\" content=\"summary_large_image\" \/>\n<meta name=\"twitter:label1\" content=\"Est. reading time\" \/>\n\t<meta name=\"twitter:data1\" content=\"3 minutes\" \/>\n<script type=\"application\/ld+json\" class=\"yoast-schema-graph\">{\"@context\":\"https:\\\/\\\/schema.org\",\"@graph\":[{\"@type\":\"WebPage\",\"@id\":\"https:\\\/\\\/metalizz.com\\\/procedes-metalizz\\\/\",\"url\":\"https:\\\/\\\/metalizz.com\\\/procedes-metalizz\\\/\",\"name\":\"Proc\u00e9d\u00e9s Metalizz - Metalizz | Solutions traitement pi\u00e8ces plastiques\",\"isPartOf\":{\"@id\":\"https:\\\/\\\/metalizz.com\\\/#website\"},\"primaryImageOfPage\":{\"@id\":\"https:\\\/\\\/metalizz.com\\\/procedes-metalizz\\\/#primaryimage\"},\"image\":{\"@id\":\"https:\\\/\\\/metalizz.com\\\/procedes-metalizz\\\/#primaryimage\"},\"thumbnailUrl\":\"https:\\\/\\\/metalizz.com\\\/wp-content\\\/uploads\\\/2021\\\/06\\\/Ouson-noir-lissage-2-pieces.jpg\",\"datePublished\":\"2021-05-19T15:37:10+00:00\",\"dateModified\":\"2024-10-06T15:37:59+00:00\",\"description\":\"Proc\u00e9d\u00e9s Metalizz - solutions post traitement pi\u00e8ces plastiques et 3D. Solutions innovantes pour les industries utilisant la fabrication additive.\",\"breadcrumb\":{\"@id\":\"https:\\\/\\\/metalizz.com\\\/procedes-metalizz\\\/#breadcrumb\"},\"inLanguage\":\"en-GB\",\"potentialAction\":[{\"@type\":\"ReadAction\",\"target\":[\"https:\\\/\\\/metalizz.com\\\/procedes-metalizz\\\/\"]}]},{\"@type\":\"ImageObject\",\"inLanguage\":\"en-GB\",\"@id\":\"https:\\\/\\\/metalizz.com\\\/procedes-metalizz\\\/#primaryimage\",\"url\":\"https:\\\/\\\/metalizz.com\\\/wp-content\\\/uploads\\\/2021\\\/06\\\/Ouson-noir-lissage-2-pieces.jpg\",\"contentUrl\":\"https:\\\/\\\/metalizz.com\\\/wp-content\\\/uploads\\\/2021\\\/06\\\/Ouson-noir-lissage-2-pieces.jpg\"},{\"@type\":\"BreadcrumbList\",\"@id\":\"https:\\\/\\\/metalizz.com\\\/procedes-metalizz\\\/#breadcrumb\",\"itemListElement\":[{\"@type\":\"ListItem\",\"position\":1,\"name\":\"Accueil\",\"item\":\"https:\\\/\\\/metalizz.com\\\/\"},{\"@type\":\"ListItem\",\"position\":2,\"name\":\"Proc\u00e9d\u00e9s Metalizz\"}]},{\"@type\":\"WebSite\",\"@id\":\"https:\\\/\\\/metalizz.com\\\/#website\",\"url\":\"https:\\\/\\\/metalizz.com\\\/\",\"name\":\"Metalizz | Solutions traitement pi\u00e8ces plastiques\",\"description\":\"\",\"potentialAction\":[{\"@type\":\"SearchAction\",\"target\":{\"@type\":\"EntryPoint\",\"urlTemplate\":\"https:\\\/\\\/metalizz.com\\\/?s={search_term_string}\"},\"query-input\":{\"@type\":\"PropertyValueSpecification\",\"valueRequired\":true,\"valueName\":\"search_term_string\"}}],\"inLanguage\":\"en-GB\"}]}<\/script>\n<!-- \/ Yoast SEO plugin. -->","yoast_head_json":{"title":"Proc\u00e9d\u00e9s Metalizz - Metalizz | Solutions traitement pi\u00e8ces plastiques","description":"Proc\u00e9d\u00e9s Metalizz - solutions post traitement pi\u00e8ces plastiques et 3D. Solutions innovantes pour les industries utilisant la fabrication additive.","robots":{"index":"index","follow":"follow","max-snippet":"max-snippet:-1","max-image-preview":"max-image-preview:large","max-video-preview":"max-video-preview:-1"},"canonical":"https:\/\/metalizz.com\/en\/procedes-metalizz\/","og_locale":"en_GB","og_type":"article","og_title":"Proc\u00e9d\u00e9s Metalizz - Metalizz | Solutions traitement pi\u00e8ces plastiques","og_description":"Proc\u00e9d\u00e9s Metalizz - solutions post traitement pi\u00e8ces plastiques et 3D. Solutions innovantes pour les industries utilisant la fabrication additive.","og_url":"https:\/\/metalizz.com\/en\/procedes-metalizz\/","og_site_name":"Metalizz | Solutions traitement pi\u00e8ces plastiques","article_modified_time":"2024-10-06T15:37:59+00:00","og_image":[{"url":"https:\/\/metalizz.com\/wp-content\/uploads\/2021\/06\/Ouson-noir-lissage-2-pieces.jpg","type":"","width":"","height":""}],"twitter_card":"summary_large_image","twitter_misc":{"Est. reading time":"3 minutes"},"schema":{"@context":"https:\/\/schema.org","@graph":[{"@type":"WebPage","@id":"https:\/\/metalizz.com\/procedes-metalizz\/","url":"https:\/\/metalizz.com\/procedes-metalizz\/","name":"Proc\u00e9d\u00e9s Metalizz - Metalizz | Solutions traitement pi\u00e8ces plastiques","isPartOf":{"@id":"https:\/\/metalizz.com\/#website"},"primaryImageOfPage":{"@id":"https:\/\/metalizz.com\/procedes-metalizz\/#primaryimage"},"image":{"@id":"https:\/\/metalizz.com\/procedes-metalizz\/#primaryimage"},"thumbnailUrl":"https:\/\/metalizz.com\/wp-content\/uploads\/2021\/06\/Ouson-noir-lissage-2-pieces.jpg","datePublished":"2021-05-19T15:37:10+00:00","dateModified":"2024-10-06T15:37:59+00:00","description":"Proc\u00e9d\u00e9s Metalizz - solutions post traitement pi\u00e8ces plastiques et 3D. Solutions innovantes pour les industries utilisant la fabrication additive.","breadcrumb":{"@id":"https:\/\/metalizz.com\/procedes-metalizz\/#breadcrumb"},"inLanguage":"en-GB","potentialAction":[{"@type":"ReadAction","target":["https:\/\/metalizz.com\/procedes-metalizz\/"]}]},{"@type":"ImageObject","inLanguage":"en-GB","@id":"https:\/\/metalizz.com\/procedes-metalizz\/#primaryimage","url":"https:\/\/metalizz.com\/wp-content\/uploads\/2021\/06\/Ouson-noir-lissage-2-pieces.jpg","contentUrl":"https:\/\/metalizz.com\/wp-content\/uploads\/2021\/06\/Ouson-noir-lissage-2-pieces.jpg"},{"@type":"BreadcrumbList","@id":"https:\/\/metalizz.com\/procedes-metalizz\/#breadcrumb","itemListElement":[{"@type":"ListItem","position":1,"name":"Accueil","item":"https:\/\/metalizz.com\/"},{"@type":"ListItem","position":2,"name":"Proc\u00e9d\u00e9s Metalizz"}]},{"@type":"WebSite","@id":"https:\/\/metalizz.com\/#website","url":"https:\/\/metalizz.com\/","name":"Metalizz | Solutions traitement pi\u00e8ces plastiques","description":"","potentialAction":[{"@type":"SearchAction","target":{"@type":"EntryPoint","urlTemplate":"https:\/\/metalizz.com\/?s={search_term_string}"},"query-input":{"@type":"PropertyValueSpecification","valueRequired":true,"valueName":"search_term_string"}}],"inLanguage":"en-GB"}]}},"_links":{"self":[{"href":"https:\/\/metalizz.com\/en\/wp-json\/wp\/v2\/pages\/337","targetHints":{"allow":["GET"]}}],"collection":[{"href":"https:\/\/metalizz.com\/en\/wp-json\/wp\/v2\/pages"}],"about":[{"href":"https:\/\/metalizz.com\/en\/wp-json\/wp\/v2\/types\/page"}],"author":[{"embeddable":true,"href":"https:\/\/metalizz.com\/en\/wp-json\/wp\/v2\/users\/1"}],"replies":[{"embeddable":true,"href":"https:\/\/metalizz.com\/en\/wp-json\/wp\/v2\/comments?post=337"}],"version-history":[{"count":162,"href":"https:\/\/metalizz.com\/en\/wp-json\/wp\/v2\/pages\/337\/revisions"}],"predecessor-version":[{"id":11361,"href":"https:\/\/metalizz.com\/en\/wp-json\/wp\/v2\/pages\/337\/revisions\/11361"}],"wp:attachment":[{"href":"https:\/\/metalizz.com\/en\/wp-json\/wp\/v2\/media?parent=337"}],"wp:term":[{"taxonomy":"category","embeddable":true,"href":"https:\/\/metalizz.com\/en\/wp-json\/wp\/v2\/categories?post=337"},{"taxonomy":"post_tag","embeddable":true,"href":"https:\/\/metalizz.com\/en\/wp-json\/wp\/v2\/tags?post=337"}],"curies":[{"name":"wp","href":"https:\/\/api.w.org\/{rel}","templated":true}]}}